{"id":586,"date":"2022-10-03T12:42:31","date_gmt":"2022-10-03T12:42:31","guid":{"rendered":"https:\/\/www.grandhotelroirene-aixenprovence.com\/our-restaurant-bar\/aiga\/"},"modified":"2026-04-29T13:58:46","modified_gmt":"2026-04-29T13:58:46","slug":"aiga","status":"publish","type":"page","link":"https:\/\/www.grandhotelroirene-aixenprovence.com\/en\/our-restaurant-bar\/aiga\/","title":{"rendered":"A\u00cfGA \u2013 Mediterranean restaurant in Aix-en-Provence"},"content":{"rendered":"<p style=\"text-align: center\">A\u00cfGA invites you on a true culinary journey through Provence and the Mediterranean, in the heart of Aix-en-Provence. Chef Matthieu Saunier offers a sunny, generous and contemporary cuisine, inspired by the Proven\u00e7al terroirs and the flavours of the Levant.<\/p>\n<p style=\"text-align: center\">Local produce, sun-ripened vegetables, fresh herbs and carefully selected olive oils are combined with Mediterranean spices to create colourful, indulgent dishes full of character. Each course is designed as a composition, playing on textures and flavours.<\/p>\n<p style=\"text-align: center\">The restaurant welcomes guests indoors or on its terrace with a Mediterranean atmosphere, ideal for a lunch in the sun, brunch with friends or a romantic dinner in Aix-en-Provence.<\/p>\n<p style=\"text-align: center\">Open to all, A\u00cfGA offers a vibrant, seasonal dining experience, where the menu evolves throughout the year to surprise and delight with every visit.<\/p>\n","protected":false},"excerpt":{"rendered":"<p>A\u00cfGA invites you on a true culinary journey through Provence and the Mediterranean, in the heart of Aix-en-Provence. Chef Matthieu Saunier offers a sunny, generous and contemporary cuisine, inspired by the Proven\u00e7al terroirs and the flavours of the Levant. Local produce, sun-ripened vegetables, fresh herbs and carefully selected olive oils are combined with Mediterranean spices [&hellip;]<\/p>\n","protected":false},"author":15,"featured_media":0,"parent":571,"menu_order":310,"comment_status":"closed","ping_status":"closed","template":"template-restaurant.php","meta":{"footnotes":""},"categories":[],"class_list":["post-586","page","type-page","status-publish","hentry"],"acf":[],"yoast_head":"<!-- This site is optimized with the Yoast SEO plugin v26.9 - https:\/\/yoast.com\/product\/yoast-seo-wordpress\/ -->\n<title>A\u00cfGA \u2013 Mediterranean restaurant in Aix-en-Provence - Grand H\u00f4tel Roi Ren\u00e9 Aix-en-Provence Centre - MGallery<\/title>\n<meta name=\"description\" content=\"A\u00cfGA, a Mediterranean restaurant in Aix-en-Provence: Chef Matthieu Saunier\u2019s sun-inspired cuisine, local produce, a sunny terrace and a seasonal menu.\" \/>\n<meta name=\"robots\" content=\"index, follow, max-snippet:-1, max-image-preview:large, max-video-preview:-1\" \/>\n<link rel=\"canonical\" href=\"https:\/\/www.grandhotelroirene-aixenprovence.com\/en\/our-restaurant-bar\/aiga\/\" \/>\n<meta property=\"og:locale\" content=\"en_US\" \/>\n<meta property=\"og:type\" content=\"article\" \/>\n<meta property=\"og:title\" content=\"A\u00cfGA \u2013 Mediterranean restaurant in Aix-en-Provence - Grand H\u00f4tel Roi Ren\u00e9 Aix-en-Provence Centre - MGallery\" \/>\n<meta property=\"og:description\" content=\"A\u00cfGA, a Mediterranean restaurant in Aix-en-Provence: Chef Matthieu Saunier\u2019s sun-inspired cuisine, local produce, a sunny terrace and a seasonal menu.\" \/>\n<meta property=\"og:url\" content=\"https:\/\/www.grandhotelroirene-aixenprovence.com\/en\/our-restaurant-bar\/aiga\/\" \/>\n<meta property=\"og:site_name\" content=\"Grand H\u00f4tel Roi Ren\u00e9 Aix-en-Provence Centre - MGallery\" \/>\n<meta property=\"article:modified_time\" content=\"2026-04-29T13:58:46+00:00\" \/>\n<meta name=\"twitter:card\" content=\"summary_large_image\" \/>\n<meta name=\"twitter:label1\" content=\"Est. reading time\" \/>\n\t<meta name=\"twitter:data1\" content=\"2 minutes\" \/>\n<script type=\"application\/ld+json\" class=\"yoast-schema-graph\">{\"@context\":\"https:\/\/schema.org\",\"@graph\":[{\"@type\":\"WebPage\",\"@id\":\"https:\/\/www.grandhotelroirene-aixenprovence.com\/en\/our-restaurant-bar\/aiga\/\",\"url\":\"https:\/\/www.grandhotelroirene-aixenprovence.com\/en\/our-restaurant-bar\/aiga\/\",\"name\":\"A\u00cfGA \u2013 Mediterranean restaurant in Aix-en-Provence - Grand H\u00f4tel Roi Ren\u00e9 Aix-en-Provence Centre - MGallery\",\"isPartOf\":{\"@id\":\"https:\/\/www.grandhotelroirene-aixenprovence.com\/#website\"},\"datePublished\":\"2022-10-03T12:42:31+00:00\",\"dateModified\":\"2026-04-29T13:58:46+00:00\",\"description\":\"A\u00cfGA, a Mediterranean restaurant in Aix-en-Provence: Chef Matthieu Saunier\u2019s sun-inspired cuisine, local produce, a sunny terrace and a seasonal menu.\",\"breadcrumb\":{\"@id\":\"https:\/\/www.grandhotelroirene-aixenprovence.com\/en\/our-restaurant-bar\/aiga\/#breadcrumb\"},\"inLanguage\":\"en-US\",\"potentialAction\":[{\"@type\":\"ReadAction\",\"target\":[\"https:\/\/www.grandhotelroirene-aixenprovence.com\/en\/our-restaurant-bar\/aiga\/\"]}]},{\"@type\":\"BreadcrumbList\",\"@id\":\"https:\/\/www.grandhotelroirene-aixenprovence.com\/en\/our-restaurant-bar\/aiga\/#breadcrumb\",\"itemListElement\":[{\"@type\":\"ListItem\",\"position\":1,\"name\":\"Home\",\"item\":\"https:\/\/www.grandhotelroirene-aixenprovence.com\/en\/\"},{\"@type\":\"ListItem\",\"position\":2,\"name\":\"Our Restaurant &amp; Bar\",\"item\":\"https:\/\/www.grandhotelroirene-aixenprovence.com\/en\/our-restaurant-bar\/\"},{\"@type\":\"ListItem\",\"position\":3,\"name\":\"A\u00cfGA \u2013 Mediterranean restaurant in Aix-en-Provence\"}]},{\"@type\":\"WebSite\",\"@id\":\"https:\/\/www.grandhotelroirene-aixenprovence.com\/#website\",\"url\":\"https:\/\/www.grandhotelroirene-aixenprovence.com\/\",\"name\":\"Grand H\u00f4tel Roi Ren\u00e9 Aix-en-Provence Centre - MGallery\",\"description\":\"Just another D-Edge Accor V2 Sites Hosting site\",\"potentialAction\":[{\"@type\":\"SearchAction\",\"target\":{\"@type\":\"EntryPoint\",\"urlTemplate\":\"https:\/\/www.grandhotelroirene-aixenprovence.com\/?s={search_term_string}\"},\"query-input\":{\"@type\":\"PropertyValueSpecification\",\"valueRequired\":true,\"valueName\":\"search_term_string\"}}],\"inLanguage\":\"en-US\"}]}<\/script>\n<!-- \/ Yoast SEO plugin. -->","yoast_head_json":{"title":"A\u00cfGA \u2013 Mediterranean restaurant in Aix-en-Provence - Grand H\u00f4tel Roi Ren\u00e9 Aix-en-Provence Centre - MGallery","description":"A\u00cfGA, a Mediterranean restaurant in Aix-en-Provence: Chef Matthieu Saunier\u2019s sun-inspired cuisine, local produce, a sunny terrace and a seasonal menu.","robots":{"index":"index","follow":"follow","max-snippet":"max-snippet:-1","max-image-preview":"max-image-preview:large","max-video-preview":"max-video-preview:-1"},"canonical":"https:\/\/www.grandhotelroirene-aixenprovence.com\/en\/our-restaurant-bar\/aiga\/","og_locale":"en_US","og_type":"article","og_title":"A\u00cfGA \u2013 Mediterranean restaurant in Aix-en-Provence - Grand H\u00f4tel Roi Ren\u00e9 Aix-en-Provence Centre - MGallery","og_description":"A\u00cfGA, a Mediterranean restaurant in Aix-en-Provence: Chef Matthieu Saunier\u2019s sun-inspired cuisine, local produce, a sunny terrace and a seasonal menu.","og_url":"https:\/\/www.grandhotelroirene-aixenprovence.com\/en\/our-restaurant-bar\/aiga\/","og_site_name":"Grand H\u00f4tel Roi Ren\u00e9 Aix-en-Provence Centre - MGallery","article_modified_time":"2026-04-29T13:58:46+00:00","twitter_card":"summary_large_image","twitter_misc":{"Est. reading time":"2 minutes"},"schema":{"@context":"https:\/\/schema.org","@graph":[{"@type":"WebPage","@id":"https:\/\/www.grandhotelroirene-aixenprovence.com\/en\/our-restaurant-bar\/aiga\/","url":"https:\/\/www.grandhotelroirene-aixenprovence.com\/en\/our-restaurant-bar\/aiga\/","name":"A\u00cfGA \u2013 Mediterranean restaurant in Aix-en-Provence - Grand H\u00f4tel Roi Ren\u00e9 Aix-en-Provence Centre - MGallery","isPartOf":{"@id":"https:\/\/www.grandhotelroirene-aixenprovence.com\/#website"},"datePublished":"2022-10-03T12:42:31+00:00","dateModified":"2026-04-29T13:58:46+00:00","description":"A\u00cfGA, a Mediterranean restaurant in Aix-en-Provence: Chef Matthieu Saunier\u2019s sun-inspired cuisine, local produce, a sunny terrace and a seasonal menu.","breadcrumb":{"@id":"https:\/\/www.grandhotelroirene-aixenprovence.com\/en\/our-restaurant-bar\/aiga\/#breadcrumb"},"inLanguage":"en-US","potentialAction":[{"@type":"ReadAction","target":["https:\/\/www.grandhotelroirene-aixenprovence.com\/en\/our-restaurant-bar\/aiga\/"]}]},{"@type":"BreadcrumbList","@id":"https:\/\/www.grandhotelroirene-aixenprovence.com\/en\/our-restaurant-bar\/aiga\/#breadcrumb","itemListElement":[{"@type":"ListItem","position":1,"name":"Home","item":"https:\/\/www.grandhotelroirene-aixenprovence.com\/en\/"},{"@type":"ListItem","position":2,"name":"Our Restaurant &amp; Bar","item":"https:\/\/www.grandhotelroirene-aixenprovence.com\/en\/our-restaurant-bar\/"},{"@type":"ListItem","position":3,"name":"A\u00cfGA \u2013 Mediterranean restaurant in Aix-en-Provence"}]},{"@type":"WebSite","@id":"https:\/\/www.grandhotelroirene-aixenprovence.com\/#website","url":"https:\/\/www.grandhotelroirene-aixenprovence.com\/","name":"Grand H\u00f4tel Roi Ren\u00e9 Aix-en-Provence Centre - MGallery","description":"Just another D-Edge Accor V2 Sites Hosting site","potentialAction":[{"@type":"SearchAction","target":{"@type":"EntryPoint","urlTemplate":"https:\/\/www.grandhotelroirene-aixenprovence.com\/?s={search_term_string}"},"query-input":{"@type":"PropertyValueSpecification","valueRequired":true,"valueName":"search_term_string"}}],"inLanguage":"en-US"}]}},"_links":{"self":[{"href":"https:\/\/www.grandhotelroirene-aixenprovence.com\/en\/wp-json\/wp\/v2\/pages\/586","targetHints":{"allow":["GET"]}}],"collection":[{"href":"https:\/\/www.grandhotelroirene-aixenprovence.com\/en\/wp-json\/wp\/v2\/pages"}],"about":[{"href":"https:\/\/www.grandhotelroirene-aixenprovence.com\/en\/wp-json\/wp\/v2\/types\/page"}],"author":[{"embeddable":true,"href":"https:\/\/www.grandhotelroirene-aixenprovence.com\/en\/wp-json\/wp\/v2\/users\/15"}],"replies":[{"embeddable":true,"href":"https:\/\/www.grandhotelroirene-aixenprovence.com\/en\/wp-json\/wp\/v2\/comments?post=586"}],"version-history":[{"count":3,"href":"https:\/\/www.grandhotelroirene-aixenprovence.com\/en\/wp-json\/wp\/v2\/pages\/586\/revisions"}],"predecessor-version":[{"id":589,"href":"https:\/\/www.grandhotelroirene-aixenprovence.com\/en\/wp-json\/wp\/v2\/pages\/586\/revisions\/589"}],"up":[{"embeddable":true,"href":"https:\/\/www.grandhotelroirene-aixenprovence.com\/en\/wp-json\/wp\/v2\/pages\/571"}],"wp:attachment":[{"href":"https:\/\/www.grandhotelroirene-aixenprovence.com\/en\/wp-json\/wp\/v2\/media?parent=586"}],"wp:term":[{"taxonomy":"category","embeddable":true,"href":"https:\/\/www.grandhotelroirene-aixenprovence.com\/en\/wp-json\/wp\/v2\/categories?post=586"}],"curies":[{"name":"wp","href":"https:\/\/api.w.org\/{rel}","templated":true}]}}