{"id":523,"date":"2026-03-12T09:08:31","date_gmt":"2026-03-12T09:08:31","guid":{"rendered":"https:\/\/www.grandhotelroirene-aixenprovence.com\/?page_id=523"},"modified":"2026-03-12T09:08:31","modified_gmt":"2026-03-12T09:08:31","slug":"executive-suite","status":"publish","type":"page","link":"https:\/\/www.grandhotelroirene-aixenprovence.com\/en\/executive-suite\/","title":{"rendered":"Executive Suite"},"content":{"rendered":"<p>A true ode to Provence, the Executive Suite at the Grand H\u00f4tel Roi Ren\u00e9 captivates at first glance. Botanical frescoes on the ceiling featuring olive and leaf motifs, cream and olive green tones, custom-made furniture: every detail reflects the soul of Aix-en-Provence with contemporary and soothing elegance.<br \/>\nSpacious and bright, the suite includes a bedroom with a king-size bed and high-end bedding, as well as a separate lounge for relaxing or entertaining. From the windows, the city of Aix unfolds before you like a painting.<br \/>\nThe suite has two private bathrooms, one with a bathtub and the other with a walk-in shower. Amenities include a Nespresso machine, minibar, flat-screen TV, safe and high-speed WiFi access.<br \/>\nIn the heart of the capital of Provence, a stone&#8217;s throw from Cours Mirabeau, the Executive Suite is an invitation to discreet luxury and the Mediterranean art of living.<\/p>\n","protected":false},"excerpt":{"rendered":"<p>A true ode to Provence, the Executive Suite at the Grand H\u00f4tel Roi Ren\u00e9 captivates at first glance. Botanical frescoes on the ceiling featuring olive and leaf motifs, cream and olive green tones, custom-made furniture: every detail reflects the soul of Aix-en-Provence with contemporary and soothing elegance. Spacious and bright, the suite includes a bedroom [&hellip;]<\/p>\n","protected":false},"author":366,"featured_media":0,"parent":0,"menu_order":0,"comment_status":"closed","ping_status":"closed","template":"template-room.php","meta":{"footnotes":""},"categories":[],"class_list":["post-523","page","type-page","status-publish","hentry"],"acf":[],"yoast_head":"<!-- This site is optimized with the Yoast SEO plugin v26.9 - https:\/\/yoast.com\/product\/yoast-seo-wordpress\/ -->\n<title>Executive Suite - Grand H\u00f4tel Roi Ren\u00e9 Aix-en-Provence Centre - MGallery<\/title>\n<meta name=\"description\" content=\"A true ode to Provence, the Executive Suite at the Grand H\u00f4tel Roi Ren\u00e9 captivates at first glance. Botanical frescoes on the ceiling featuring olive and\" \/>\n<meta name=\"robots\" content=\"index, follow, max-snippet:-1, max-image-preview:large, max-video-preview:-1\" \/>\n<link rel=\"canonical\" href=\"https:\/\/www.grandhotelroirene-aixenprovence.com\/en\/executive-suite\/\" \/>\n<meta property=\"og:locale\" content=\"en_US\" \/>\n<meta property=\"og:type\" content=\"article\" \/>\n<meta property=\"og:title\" content=\"Executive Suite - Grand H\u00f4tel Roi Ren\u00e9 Aix-en-Provence Centre - MGallery\" \/>\n<meta property=\"og:description\" content=\"A true ode to Provence, the Executive Suite at the Grand H\u00f4tel Roi Ren\u00e9 captivates at first glance. Botanical frescoes on the ceiling featuring olive and\" \/>\n<meta property=\"og:url\" content=\"https:\/\/www.grandhotelroirene-aixenprovence.com\/en\/executive-suite\/\" \/>\n<meta property=\"og:site_name\" content=\"Grand H\u00f4tel Roi Ren\u00e9 Aix-en-Provence Centre - MGallery\" \/>\n<meta name=\"twitter:card\" content=\"summary_large_image\" \/>\n<meta name=\"twitter:label1\" content=\"Est. reading time\" \/>\n\t<meta name=\"twitter:data1\" content=\"1 minute\" \/>\n<script type=\"application\/ld+json\" class=\"yoast-schema-graph\">{\"@context\":\"https:\/\/schema.org\",\"@graph\":[{\"@type\":\"WebPage\",\"@id\":\"https:\/\/www.grandhotelroirene-aixenprovence.com\/en\/executive-suite\/\",\"url\":\"https:\/\/www.grandhotelroirene-aixenprovence.com\/en\/executive-suite\/\",\"name\":\"Executive Suite - Grand H\u00f4tel Roi Ren\u00e9 Aix-en-Provence Centre - MGallery\",\"isPartOf\":{\"@id\":\"https:\/\/www.grandhotelroirene-aixenprovence.com\/#website\"},\"datePublished\":\"2026-03-12T09:08:31+00:00\",\"description\":\"A true ode to Provence, the Executive Suite at the Grand H\u00f4tel Roi Ren\u00e9 captivates at first glance. Botanical frescoes on the ceiling featuring olive and\",\"breadcrumb\":{\"@id\":\"https:\/\/www.grandhotelroirene-aixenprovence.com\/en\/executive-suite\/#breadcrumb\"},\"inLanguage\":\"en-US\",\"potentialAction\":[{\"@type\":\"ReadAction\",\"target\":[\"https:\/\/www.grandhotelroirene-aixenprovence.com\/en\/executive-suite\/\"]}]},{\"@type\":\"BreadcrumbList\",\"@id\":\"https:\/\/www.grandhotelroirene-aixenprovence.com\/en\/executive-suite\/#breadcrumb\",\"itemListElement\":[{\"@type\":\"ListItem\",\"position\":1,\"name\":\"Home\",\"item\":\"https:\/\/www.grandhotelroirene-aixenprovence.com\/en\/\"},{\"@type\":\"ListItem\",\"position\":2,\"name\":\"Executive Suite\"}]},{\"@type\":\"WebSite\",\"@id\":\"https:\/\/www.grandhotelroirene-aixenprovence.com\/#website\",\"url\":\"https:\/\/www.grandhotelroirene-aixenprovence.com\/\",\"name\":\"Grand H\u00f4tel Roi Ren\u00e9 Aix-en-Provence Centre - MGallery\",\"description\":\"Just another D-Edge Accor V2 Sites Hosting site\",\"potentialAction\":[{\"@type\":\"SearchAction\",\"target\":{\"@type\":\"EntryPoint\",\"urlTemplate\":\"https:\/\/www.grandhotelroirene-aixenprovence.com\/?s={search_term_string}\"},\"query-input\":{\"@type\":\"PropertyValueSpecification\",\"valueRequired\":true,\"valueName\":\"search_term_string\"}}],\"inLanguage\":\"en-US\"}]}<\/script>\n<!-- \/ Yoast SEO plugin. -->","yoast_head_json":{"title":"Executive Suite - Grand H\u00f4tel Roi Ren\u00e9 Aix-en-Provence Centre - MGallery","description":"A true ode to Provence, the Executive Suite at the Grand H\u00f4tel Roi Ren\u00e9 captivates at first glance. Botanical frescoes on the ceiling featuring olive and","robots":{"index":"index","follow":"follow","max-snippet":"max-snippet:-1","max-image-preview":"max-image-preview:large","max-video-preview":"max-video-preview:-1"},"canonical":"https:\/\/www.grandhotelroirene-aixenprovence.com\/en\/executive-suite\/","og_locale":"en_US","og_type":"article","og_title":"Executive Suite - Grand H\u00f4tel Roi Ren\u00e9 Aix-en-Provence Centre - MGallery","og_description":"A true ode to Provence, the Executive Suite at the Grand H\u00f4tel Roi Ren\u00e9 captivates at first glance. Botanical frescoes on the ceiling featuring olive and","og_url":"https:\/\/www.grandhotelroirene-aixenprovence.com\/en\/executive-suite\/","og_site_name":"Grand H\u00f4tel Roi Ren\u00e9 Aix-en-Provence Centre - MGallery","twitter_card":"summary_large_image","twitter_misc":{"Est. reading time":"1 minute"},"schema":{"@context":"https:\/\/schema.org","@graph":[{"@type":"WebPage","@id":"https:\/\/www.grandhotelroirene-aixenprovence.com\/en\/executive-suite\/","url":"https:\/\/www.grandhotelroirene-aixenprovence.com\/en\/executive-suite\/","name":"Executive Suite - Grand H\u00f4tel Roi Ren\u00e9 Aix-en-Provence Centre - MGallery","isPartOf":{"@id":"https:\/\/www.grandhotelroirene-aixenprovence.com\/#website"},"datePublished":"2026-03-12T09:08:31+00:00","description":"A true ode to Provence, the Executive Suite at the Grand H\u00f4tel Roi Ren\u00e9 captivates at first glance. Botanical frescoes on the ceiling featuring olive and","breadcrumb":{"@id":"https:\/\/www.grandhotelroirene-aixenprovence.com\/en\/executive-suite\/#breadcrumb"},"inLanguage":"en-US","potentialAction":[{"@type":"ReadAction","target":["https:\/\/www.grandhotelroirene-aixenprovence.com\/en\/executive-suite\/"]}]},{"@type":"BreadcrumbList","@id":"https:\/\/www.grandhotelroirene-aixenprovence.com\/en\/executive-suite\/#breadcrumb","itemListElement":[{"@type":"ListItem","position":1,"name":"Home","item":"https:\/\/www.grandhotelroirene-aixenprovence.com\/en\/"},{"@type":"ListItem","position":2,"name":"Executive Suite"}]},{"@type":"WebSite","@id":"https:\/\/www.grandhotelroirene-aixenprovence.com\/#website","url":"https:\/\/www.grandhotelroirene-aixenprovence.com\/","name":"Grand H\u00f4tel Roi Ren\u00e9 Aix-en-Provence Centre - MGallery","description":"Just another D-Edge Accor V2 Sites Hosting site","potentialAction":[{"@type":"SearchAction","target":{"@type":"EntryPoint","urlTemplate":"https:\/\/www.grandhotelroirene-aixenprovence.com\/?s={search_term_string}"},"query-input":{"@type":"PropertyValueSpecification","valueRequired":true,"valueName":"search_term_string"}}],"inLanguage":"en-US"}]}},"_links":{"self":[{"href":"https:\/\/www.grandhotelroirene-aixenprovence.com\/en\/wp-json\/wp\/v2\/pages\/523","targetHints":{"allow":["GET"]}}],"collection":[{"href":"https:\/\/www.grandhotelroirene-aixenprovence.com\/en\/wp-json\/wp\/v2\/pages"}],"about":[{"href":"https:\/\/www.grandhotelroirene-aixenprovence.com\/en\/wp-json\/wp\/v2\/types\/page"}],"author":[{"embeddable":true,"href":"https:\/\/www.grandhotelroirene-aixenprovence.com\/en\/wp-json\/wp\/v2\/users\/366"}],"replies":[{"embeddable":true,"href":"https:\/\/www.grandhotelroirene-aixenprovence.com\/en\/wp-json\/wp\/v2\/comments?post=523"}],"version-history":[{"count":1,"href":"https:\/\/www.grandhotelroirene-aixenprovence.com\/en\/wp-json\/wp\/v2\/pages\/523\/revisions"}],"predecessor-version":[{"id":524,"href":"https:\/\/www.grandhotelroirene-aixenprovence.com\/en\/wp-json\/wp\/v2\/pages\/523\/revisions\/524"}],"wp:attachment":[{"href":"https:\/\/www.grandhotelroirene-aixenprovence.com\/en\/wp-json\/wp\/v2\/media?parent=523"}],"wp:term":[{"taxonomy":"category","embeddable":true,"href":"https:\/\/www.grandhotelroirene-aixenprovence.com\/en\/wp-json\/wp\/v2\/categories?post=523"}],"curies":[{"name":"wp","href":"https:\/\/api.w.org\/{rel}","templated":true}]}}