{"id":22,"date":"2022-10-03T12:52:02","date_gmt":"2022-10-03T12:52:02","guid":{"rendered":"https:\/\/mgallery-roi-rene.accorv2prod.decms.eu\/?page_id=22"},"modified":"2026-02-13T15:26:52","modified_gmt":"2026-02-13T15:26:52","slug":"notre-localisation","status":"publish","type":"page","link":"https:\/\/www.grandhotelroirene-aixenprovence.com\/en\/notre-localisation\/","title":{"rendered":"Notre localisation"},"content":{"rendered":"<p style=\"text-align: center\">V\u00e9ritable carrefour au c\u0153ur de la Provence, la ville d&#8217;Aix-en-Provence est non seulement un incroyable lieu de culture et de loisir mais est \u00e9galement tr\u00e8s bien desservie depuis les grandes villes fran\u00e7aises (Paris, Lyon, Avignon, Grenoble, Marseille, Nice), et ce gr\u00e2ce \u00e0 plusieurs axes autoroutiers (A7, A8, A51). Ces atouts font d&#8217;Aix-en-Provence le lieu de vill\u00e9giature id\u00e9al de vos escapades en Provence, non seulement pour visiter le centre-ville et ses environs, mais \u00e9galement pour rayonner dans toute la r\u00e9gion Provence Alpes cote d&#8217;Azur. A Aix-en-Provence, ne manquez pas de visiter les nombreux mus\u00e9es d&#8217;art tel que le Centre d&#8217;Art Caumont et le mus\u00e9e Granet, tout deux situ\u00e9s \u00e0 quelques pas de l&#8217;h\u00f4tel) ou encore l&#8217;atelier C\u00e9zanne d\u00e9di\u00e9 au c\u00e9l\u00e8bre peintre impressionniste aixois. Profitez \u00e9galement de la douceur de vivre provencale en flanant dans les rues du vieil Aix.<br \/>\nDans la campagne environnante, d\u00e9couvrez l&#8217;incroyable massif de la Sainte-Victoire, les villages perch\u00e9s du Luberon ou encore les champs de lavande du c\u00e9l\u00e8bre plateau de Valensole.<\/p>\n","protected":false},"excerpt":{"rendered":"<p>V\u00e9ritable carrefour au c\u0153ur de la Provence, la ville d&#8217;Aix-en-Provence est non seulement un incroyable lieu de culture et de loisir mais est \u00e9galement tr\u00e8s bien desservie depuis les grandes villes fran\u00e7aises (Paris, Lyon, Avignon, Grenoble, Marseille, Nice), et ce gr\u00e2ce \u00e0 plusieurs axes autoroutiers (A7, A8, A51). Ces atouts font d&#8217;Aix-en-Provence le lieu de [&hellip;]<\/p>\n","protected":false},"author":15,"featured_media":431,"parent":0,"menu_order":60,"comment_status":"closed","ping_status":"closed","template":"template-location.php","meta":{"footnotes":""},"categories":[],"class_list":["post-22","page","type-page","status-publish","has-post-thumbnail","hentry"],"acf":[],"yoast_head":"<!-- This site is optimized with the Yoast SEO plugin v26.9 - https:\/\/yoast.com\/product\/yoast-seo-wordpress\/ -->\n<title>Notre localisation - Grand H\u00f4tel Roi Ren\u00e9 Aix-en-Provence Centre - MGallery<\/title>\n<meta name=\"description\" content=\"V\u00e9ritable carrefour au c\u0153ur de la Provence, la ville d&#039;Aix-en-Provence est non seulement un incroyable lieu de culture et de loisir mais est \u00e9galement\" \/>\n<meta name=\"robots\" content=\"index, follow, max-snippet:-1, max-image-preview:large, max-video-preview:-1\" \/>\n<link rel=\"canonical\" href=\"https:\/\/www.grandhotelroirene-aixenprovence.com\/en\/notre-localisation\/\" \/>\n<meta property=\"og:locale\" content=\"en_US\" \/>\n<meta property=\"og:type\" content=\"article\" \/>\n<meta property=\"og:title\" content=\"Notre localisation - Grand H\u00f4tel Roi Ren\u00e9 Aix-en-Provence Centre - MGallery\" \/>\n<meta property=\"og:description\" content=\"V\u00e9ritable carrefour au c\u0153ur de la Provence, la ville d&#039;Aix-en-Provence est non seulement un incroyable lieu de culture et de loisir mais est \u00e9galement\" \/>\n<meta property=\"og:url\" content=\"https:\/\/www.grandhotelroirene-aixenprovence.com\/en\/notre-localisation\/\" \/>\n<meta property=\"og:site_name\" content=\"Grand H\u00f4tel Roi Ren\u00e9 Aix-en-Provence Centre - MGallery\" \/>\n<meta property=\"article:modified_time\" content=\"2026-02-13T15:26:52+00:00\" \/>\n<meta property=\"og:image\" content=\"https:\/\/www.grandhotelroirene-aixenprovence.com\/wp-content\/uploads\/sites\/23\/2026\/02\/5866-02-1.jpg\" \/>\n\t<meta property=\"og:image:width\" content=\"1828\" \/>\n\t<meta property=\"og:image:height\" content=\"2560\" \/>\n\t<meta property=\"og:image:type\" content=\"image\/jpeg\" \/>\n<meta name=\"twitter:card\" content=\"summary_large_image\" \/>\n<meta name=\"twitter:label1\" content=\"Est. reading time\" \/>\n\t<meta name=\"twitter:data1\" content=\"1 minute\" \/>\n<script type=\"application\/ld+json\" class=\"yoast-schema-graph\">{\"@context\":\"https:\/\/schema.org\",\"@graph\":[{\"@type\":\"WebPage\",\"@id\":\"https:\/\/www.grandhotelroirene-aixenprovence.com\/en\/notre-localisation\/\",\"url\":\"https:\/\/www.grandhotelroirene-aixenprovence.com\/en\/notre-localisation\/\",\"name\":\"Notre localisation - Grand H\u00f4tel Roi Ren\u00e9 Aix-en-Provence Centre - MGallery\",\"isPartOf\":{\"@id\":\"https:\/\/www.grandhotelroirene-aixenprovence.com\/#website\"},\"primaryImageOfPage\":{\"@id\":\"https:\/\/www.grandhotelroirene-aixenprovence.com\/en\/notre-localisation\/#primaryimage\"},\"image\":{\"@id\":\"https:\/\/www.grandhotelroirene-aixenprovence.com\/en\/notre-localisation\/#primaryimage\"},\"thumbnailUrl\":\"https:\/\/www.grandhotelroirene-aixenprovence.com\/wp-content\/uploads\/sites\/23\/2026\/02\/5866-02-1.jpg\",\"datePublished\":\"2022-10-03T12:52:02+00:00\",\"dateModified\":\"2026-02-13T15:26:52+00:00\",\"description\":\"V\u00e9ritable carrefour au c\u0153ur de la Provence, la ville d'Aix-en-Provence est non seulement un incroyable lieu de culture et de loisir mais est \u00e9galement\",\"breadcrumb\":{\"@id\":\"https:\/\/www.grandhotelroirene-aixenprovence.com\/en\/notre-localisation\/#breadcrumb\"},\"inLanguage\":\"en-US\",\"potentialAction\":[{\"@type\":\"ReadAction\",\"target\":[\"https:\/\/www.grandhotelroirene-aixenprovence.com\/en\/notre-localisation\/\"]}]},{\"@type\":\"ImageObject\",\"inLanguage\":\"en-US\",\"@id\":\"https:\/\/www.grandhotelroirene-aixenprovence.com\/en\/notre-localisation\/#primaryimage\",\"url\":\"https:\/\/www.grandhotelroirene-aixenprovence.com\/wp-content\/uploads\/sites\/23\/2026\/02\/5866-02-1.jpg\",\"contentUrl\":\"https:\/\/www.grandhotelroirene-aixenprovence.com\/wp-content\/uploads\/sites\/23\/2026\/02\/5866-02-1.jpg\",\"width\":1828,\"height\":2560},{\"@type\":\"BreadcrumbList\",\"@id\":\"https:\/\/www.grandhotelroirene-aixenprovence.com\/en\/notre-localisation\/#breadcrumb\",\"itemListElement\":[{\"@type\":\"ListItem\",\"position\":1,\"name\":\"Home\",\"item\":\"https:\/\/www.grandhotelroirene-aixenprovence.com\/en\/\"},{\"@type\":\"ListItem\",\"position\":2,\"name\":\"Notre localisation\"}]},{\"@type\":\"WebSite\",\"@id\":\"https:\/\/www.grandhotelroirene-aixenprovence.com\/#website\",\"url\":\"https:\/\/www.grandhotelroirene-aixenprovence.com\/\",\"name\":\"Grand H\u00f4tel Roi Ren\u00e9 Aix-en-Provence Centre - MGallery\",\"description\":\"Just another D-Edge Accor V2 Sites Hosting site\",\"potentialAction\":[{\"@type\":\"SearchAction\",\"target\":{\"@type\":\"EntryPoint\",\"urlTemplate\":\"https:\/\/www.grandhotelroirene-aixenprovence.com\/?s={search_term_string}\"},\"query-input\":{\"@type\":\"PropertyValueSpecification\",\"valueRequired\":true,\"valueName\":\"search_term_string\"}}],\"inLanguage\":\"en-US\"}]}<\/script>\n<!-- \/ Yoast SEO plugin. -->","yoast_head_json":{"title":"Notre localisation - Grand H\u00f4tel Roi Ren\u00e9 Aix-en-Provence Centre - MGallery","description":"V\u00e9ritable carrefour au c\u0153ur de la Provence, la ville d'Aix-en-Provence est non seulement un incroyable lieu de culture et de loisir mais est \u00e9galement","robots":{"index":"index","follow":"follow","max-snippet":"max-snippet:-1","max-image-preview":"max-image-preview:large","max-video-preview":"max-video-preview:-1"},"canonical":"https:\/\/www.grandhotelroirene-aixenprovence.com\/en\/notre-localisation\/","og_locale":"en_US","og_type":"article","og_title":"Notre localisation - Grand H\u00f4tel Roi Ren\u00e9 Aix-en-Provence Centre - MGallery","og_description":"V\u00e9ritable carrefour au c\u0153ur de la Provence, la ville d'Aix-en-Provence est non seulement un incroyable lieu de culture et de loisir mais est \u00e9galement","og_url":"https:\/\/www.grandhotelroirene-aixenprovence.com\/en\/notre-localisation\/","og_site_name":"Grand H\u00f4tel Roi Ren\u00e9 Aix-en-Provence Centre - MGallery","article_modified_time":"2026-02-13T15:26:52+00:00","og_image":[{"width":1828,"height":2560,"url":"https:\/\/www.grandhotelroirene-aixenprovence.com\/wp-content\/uploads\/sites\/23\/2026\/02\/5866-02-1.jpg","type":"image\/jpeg"}],"twitter_card":"summary_large_image","twitter_misc":{"Est. reading time":"1 minute"},"schema":{"@context":"https:\/\/schema.org","@graph":[{"@type":"WebPage","@id":"https:\/\/www.grandhotelroirene-aixenprovence.com\/en\/notre-localisation\/","url":"https:\/\/www.grandhotelroirene-aixenprovence.com\/en\/notre-localisation\/","name":"Notre localisation - Grand H\u00f4tel Roi Ren\u00e9 Aix-en-Provence Centre - MGallery","isPartOf":{"@id":"https:\/\/www.grandhotelroirene-aixenprovence.com\/#website"},"primaryImageOfPage":{"@id":"https:\/\/www.grandhotelroirene-aixenprovence.com\/en\/notre-localisation\/#primaryimage"},"image":{"@id":"https:\/\/www.grandhotelroirene-aixenprovence.com\/en\/notre-localisation\/#primaryimage"},"thumbnailUrl":"https:\/\/www.grandhotelroirene-aixenprovence.com\/wp-content\/uploads\/sites\/23\/2026\/02\/5866-02-1.jpg","datePublished":"2022-10-03T12:52:02+00:00","dateModified":"2026-02-13T15:26:52+00:00","description":"V\u00e9ritable carrefour au c\u0153ur de la Provence, la ville d'Aix-en-Provence est non seulement un incroyable lieu de culture et de loisir mais est \u00e9galement","breadcrumb":{"@id":"https:\/\/www.grandhotelroirene-aixenprovence.com\/en\/notre-localisation\/#breadcrumb"},"inLanguage":"en-US","potentialAction":[{"@type":"ReadAction","target":["https:\/\/www.grandhotelroirene-aixenprovence.com\/en\/notre-localisation\/"]}]},{"@type":"ImageObject","inLanguage":"en-US","@id":"https:\/\/www.grandhotelroirene-aixenprovence.com\/en\/notre-localisation\/#primaryimage","url":"https:\/\/www.grandhotelroirene-aixenprovence.com\/wp-content\/uploads\/sites\/23\/2026\/02\/5866-02-1.jpg","contentUrl":"https:\/\/www.grandhotelroirene-aixenprovence.com\/wp-content\/uploads\/sites\/23\/2026\/02\/5866-02-1.jpg","width":1828,"height":2560},{"@type":"BreadcrumbList","@id":"https:\/\/www.grandhotelroirene-aixenprovence.com\/en\/notre-localisation\/#breadcrumb","itemListElement":[{"@type":"ListItem","position":1,"name":"Home","item":"https:\/\/www.grandhotelroirene-aixenprovence.com\/en\/"},{"@type":"ListItem","position":2,"name":"Notre localisation"}]},{"@type":"WebSite","@id":"https:\/\/www.grandhotelroirene-aixenprovence.com\/#website","url":"https:\/\/www.grandhotelroirene-aixenprovence.com\/","name":"Grand H\u00f4tel Roi Ren\u00e9 Aix-en-Provence Centre - MGallery","description":"Just another D-Edge Accor V2 Sites Hosting site","potentialAction":[{"@type":"SearchAction","target":{"@type":"EntryPoint","urlTemplate":"https:\/\/www.grandhotelroirene-aixenprovence.com\/?s={search_term_string}"},"query-input":{"@type":"PropertyValueSpecification","valueRequired":true,"valueName":"search_term_string"}}],"inLanguage":"en-US"}]}},"_links":{"self":[{"href":"https:\/\/www.grandhotelroirene-aixenprovence.com\/en\/wp-json\/wp\/v2\/pages\/22","targetHints":{"allow":["GET"]}}],"collection":[{"href":"https:\/\/www.grandhotelroirene-aixenprovence.com\/en\/wp-json\/wp\/v2\/pages"}],"about":[{"href":"https:\/\/www.grandhotelroirene-aixenprovence.com\/en\/wp-json\/wp\/v2\/types\/page"}],"author":[{"embeddable":true,"href":"https:\/\/www.grandhotelroirene-aixenprovence.com\/en\/wp-json\/wp\/v2\/users\/15"}],"replies":[{"embeddable":true,"href":"https:\/\/www.grandhotelroirene-aixenprovence.com\/en\/wp-json\/wp\/v2\/comments?post=22"}],"version-history":[{"count":0,"href":"https:\/\/www.grandhotelroirene-aixenprovence.com\/en\/wp-json\/wp\/v2\/pages\/22\/revisions"}],"wp:featuredmedia":[{"embeddable":true,"href":"https:\/\/www.grandhotelroirene-aixenprovence.com\/en\/wp-json\/wp\/v2\/media\/431"}],"wp:attachment":[{"href":"https:\/\/www.grandhotelroirene-aixenprovence.com\/en\/wp-json\/wp\/v2\/media?parent=22"}],"wp:term":[{"taxonomy":"category","embeddable":true,"href":"https:\/\/www.grandhotelroirene-aixenprovence.com\/en\/wp-json\/wp\/v2\/categories?post=22"}],"curies":[{"name":"wp","href":"https:\/\/api.w.org\/{rel}","templated":true}]}}