{"id":12,"date":"2022-10-03T12:42:31","date_gmt":"2022-10-03T12:42:31","guid":{"rendered":"https:\/\/mgallery-roi-rene.accorv2prod.decms.eu\/?page_id=12"},"modified":"2026-04-24T08:52:47","modified_gmt":"2026-04-24T08:52:47","slug":"aiga","status":"publish","type":"page","link":"https:\/\/www.grandhotelroirene-aixenprovence.com\/en\/aiga\/","title":{"rendered":"A\u00cfGA \u2013 Mediterranean restaurant in Aix-en-Provence"},"content":{"rendered":"<p>A\u00cfGA invites you on a true culinary journey between Provence and the Mediterranean, in the heart of Aix-en-Provence. Chef Matthieu Saunier creates a sunny, generous, and contemporary cuisine inspired by the terroirs of Provence and the flavors of the Levant.<\/p>\n<p>Local produce, sun-ripened vegetables, fresh herbs, and select olive oils blend with Mediterranean spices to create colorful, indulgent dishes full of character. Each dish is conceived as a composition, playing with textures and flavors.<\/p>\n<p>The restaurant welcomes guests indoors or on its terrace with a Mediterranean ambiance, ideal for a lunch in the sun, brunch with friends, or a romantic dinner in Aix-en-Provence.<\/p>\n<p>Open to all, A\u00cfGA offers a vibrant, seasonal culinary experience, where the menu evolves throughout the year to surprise and delight with every visit.<\/p>\n","protected":false},"excerpt":{"rendered":"<p>A\u00cfGA invites you on a true culinary journey between Provence and the Mediterranean, in the heart of Aix-en-Provence. Chef Matthieu Saunier creates a sunny, generous, and contemporary cuisine inspired by the terroirs of Provence and the flavors of the Levant. Local produce, sun-ripened vegetables, fresh herbs, and select olive oils blend with Mediterranean spices to [&hellip;]<\/p>\n","protected":false},"author":15,"featured_media":374,"parent":0,"menu_order":310,"comment_status":"closed","ping_status":"closed","template":"template-restaurant.php","meta":{"footnotes":""},"categories":[],"class_list":["post-12","page","type-page","status-publish","has-post-thumbnail","hentry"],"acf":[],"yoast_head":"<!-- This site is optimized with the Yoast SEO plugin v26.9 - https:\/\/yoast.com\/product\/yoast-seo-wordpress\/ -->\n<title>A\u00cfGA \u2013 Mediterranean restaurant in Aix-en-Provence - Grand H\u00f4tel Roi Ren\u00e9 Aix-en-Provence Centre - MGallery<\/title>\n<meta name=\"description\" content=\"A\u00cfGA, restaurant m\u00e9diterran\u00e9en \u00e0 Aix-en-Provence : cuisine solaire du Chef Matthieu Saunier, produits locaux, terrasse ensoleill\u00e9e et carte de saison.\" \/>\n<meta name=\"robots\" content=\"index, follow, max-snippet:-1, max-image-preview:large, max-video-preview:-1\" \/>\n<link rel=\"canonical\" href=\"https:\/\/www.grandhotelroirene-aixenprovence.com\/en\/aiga\/\" \/>\n<meta property=\"og:locale\" content=\"en_US\" \/>\n<meta property=\"og:type\" content=\"article\" \/>\n<meta property=\"og:title\" content=\"A\u00cfGA \u2013 Mediterranean restaurant in Aix-en-Provence - Grand H\u00f4tel Roi Ren\u00e9 Aix-en-Provence Centre - MGallery\" \/>\n<meta property=\"og:description\" content=\"A\u00cfGA, restaurant m\u00e9diterran\u00e9en \u00e0 Aix-en-Provence : cuisine solaire du Chef Matthieu Saunier, produits locaux, terrasse ensoleill\u00e9e et carte de saison.\" \/>\n<meta property=\"og:url\" content=\"https:\/\/www.grandhotelroirene-aixenprovence.com\/en\/aiga\/\" \/>\n<meta property=\"og:site_name\" content=\"Grand H\u00f4tel Roi Ren\u00e9 Aix-en-Provence Centre - MGallery\" \/>\n<meta property=\"article:modified_time\" content=\"2026-04-24T08:52:47+00:00\" \/>\n<meta property=\"og:image\" content=\"https:\/\/www.grandhotelroirene-aixenprovence.com\/wp-content\/uploads\/sites\/23\/2026\/02\/Salle_petit_dej_01-1.jpg\" \/>\n\t<meta property=\"og:image:width\" content=\"2560\" \/>\n\t<meta property=\"og:image:height\" content=\"1920\" \/>\n\t<meta property=\"og:image:type\" content=\"image\/jpeg\" \/>\n<meta name=\"twitter:card\" content=\"summary_large_image\" \/>\n<meta name=\"twitter:label1\" content=\"Est. reading time\" \/>\n\t<meta name=\"twitter:data1\" content=\"2 minutes\" \/>\n<script type=\"application\/ld+json\" class=\"yoast-schema-graph\">{\"@context\":\"https:\/\/schema.org\",\"@graph\":[{\"@type\":\"WebPage\",\"@id\":\"https:\/\/www.grandhotelroirene-aixenprovence.com\/en\/aiga\/\",\"url\":\"https:\/\/www.grandhotelroirene-aixenprovence.com\/en\/aiga\/\",\"name\":\"A\u00cfGA \u2013 Mediterranean restaurant in Aix-en-Provence - Grand H\u00f4tel Roi Ren\u00e9 Aix-en-Provence Centre - MGallery\",\"isPartOf\":{\"@id\":\"https:\/\/www.grandhotelroirene-aixenprovence.com\/#website\"},\"primaryImageOfPage\":{\"@id\":\"https:\/\/www.grandhotelroirene-aixenprovence.com\/en\/aiga\/#primaryimage\"},\"image\":{\"@id\":\"https:\/\/www.grandhotelroirene-aixenprovence.com\/en\/aiga\/#primaryimage\"},\"thumbnailUrl\":\"https:\/\/www.grandhotelroirene-aixenprovence.com\/wp-content\/uploads\/sites\/23\/2026\/02\/Salle_petit_dej_01-1.jpg\",\"datePublished\":\"2022-10-03T12:42:31+00:00\",\"dateModified\":\"2026-04-24T08:52:47+00:00\",\"description\":\"A\u00cfGA, restaurant m\u00e9diterran\u00e9en \u00e0 Aix-en-Provence : cuisine solaire du Chef Matthieu Saunier, produits locaux, terrasse ensoleill\u00e9e et carte de saison.\",\"breadcrumb\":{\"@id\":\"https:\/\/www.grandhotelroirene-aixenprovence.com\/en\/aiga\/#breadcrumb\"},\"inLanguage\":\"en-US\",\"potentialAction\":[{\"@type\":\"ReadAction\",\"target\":[\"https:\/\/www.grandhotelroirene-aixenprovence.com\/en\/aiga\/\"]}]},{\"@type\":\"ImageObject\",\"inLanguage\":\"en-US\",\"@id\":\"https:\/\/www.grandhotelroirene-aixenprovence.com\/en\/aiga\/#primaryimage\",\"url\":\"https:\/\/www.grandhotelroirene-aixenprovence.com\/wp-content\/uploads\/sites\/23\/2026\/02\/Salle_petit_dej_01-1.jpg\",\"contentUrl\":\"https:\/\/www.grandhotelroirene-aixenprovence.com\/wp-content\/uploads\/sites\/23\/2026\/02\/Salle_petit_dej_01-1.jpg\",\"width\":2560,\"height\":1920},{\"@type\":\"BreadcrumbList\",\"@id\":\"https:\/\/www.grandhotelroirene-aixenprovence.com\/en\/aiga\/#breadcrumb\",\"itemListElement\":[{\"@type\":\"ListItem\",\"position\":1,\"name\":\"Home\",\"item\":\"https:\/\/www.grandhotelroirene-aixenprovence.com\/en\/\"},{\"@type\":\"ListItem\",\"position\":2,\"name\":\"A\u00cfGA \u2013 Mediterranean restaurant in Aix-en-Provence\"}]},{\"@type\":\"WebSite\",\"@id\":\"https:\/\/www.grandhotelroirene-aixenprovence.com\/#website\",\"url\":\"https:\/\/www.grandhotelroirene-aixenprovence.com\/\",\"name\":\"Grand H\u00f4tel Roi Ren\u00e9 Aix-en-Provence Centre - MGallery\",\"description\":\"Just another D-Edge Accor V2 Sites Hosting site\",\"potentialAction\":[{\"@type\":\"SearchAction\",\"target\":{\"@type\":\"EntryPoint\",\"urlTemplate\":\"https:\/\/www.grandhotelroirene-aixenprovence.com\/?s={search_term_string}\"},\"query-input\":{\"@type\":\"PropertyValueSpecification\",\"valueRequired\":true,\"valueName\":\"search_term_string\"}}],\"inLanguage\":\"en-US\"}]}<\/script>\n<!-- \/ Yoast SEO plugin. -->","yoast_head_json":{"title":"A\u00cfGA \u2013 Mediterranean restaurant in Aix-en-Provence - Grand H\u00f4tel Roi Ren\u00e9 Aix-en-Provence Centre - MGallery","description":"A\u00cfGA, restaurant m\u00e9diterran\u00e9en \u00e0 Aix-en-Provence : cuisine solaire du Chef Matthieu Saunier, produits locaux, terrasse ensoleill\u00e9e et carte de saison.","robots":{"index":"index","follow":"follow","max-snippet":"max-snippet:-1","max-image-preview":"max-image-preview:large","max-video-preview":"max-video-preview:-1"},"canonical":"https:\/\/www.grandhotelroirene-aixenprovence.com\/en\/aiga\/","og_locale":"en_US","og_type":"article","og_title":"A\u00cfGA \u2013 Mediterranean restaurant in Aix-en-Provence - Grand H\u00f4tel Roi Ren\u00e9 Aix-en-Provence Centre - MGallery","og_description":"A\u00cfGA, restaurant m\u00e9diterran\u00e9en \u00e0 Aix-en-Provence : cuisine solaire du Chef Matthieu Saunier, produits locaux, terrasse ensoleill\u00e9e et carte de saison.","og_url":"https:\/\/www.grandhotelroirene-aixenprovence.com\/en\/aiga\/","og_site_name":"Grand H\u00f4tel Roi Ren\u00e9 Aix-en-Provence Centre - MGallery","article_modified_time":"2026-04-24T08:52:47+00:00","og_image":[{"width":2560,"height":1920,"url":"https:\/\/www.grandhotelroirene-aixenprovence.com\/wp-content\/uploads\/sites\/23\/2026\/02\/Salle_petit_dej_01-1.jpg","type":"image\/jpeg"}],"twitter_card":"summary_large_image","twitter_misc":{"Est. reading time":"2 minutes"},"schema":{"@context":"https:\/\/schema.org","@graph":[{"@type":"WebPage","@id":"https:\/\/www.grandhotelroirene-aixenprovence.com\/en\/aiga\/","url":"https:\/\/www.grandhotelroirene-aixenprovence.com\/en\/aiga\/","name":"A\u00cfGA \u2013 Mediterranean restaurant in Aix-en-Provence - Grand H\u00f4tel Roi Ren\u00e9 Aix-en-Provence Centre - MGallery","isPartOf":{"@id":"https:\/\/www.grandhotelroirene-aixenprovence.com\/#website"},"primaryImageOfPage":{"@id":"https:\/\/www.grandhotelroirene-aixenprovence.com\/en\/aiga\/#primaryimage"},"image":{"@id":"https:\/\/www.grandhotelroirene-aixenprovence.com\/en\/aiga\/#primaryimage"},"thumbnailUrl":"https:\/\/www.grandhotelroirene-aixenprovence.com\/wp-content\/uploads\/sites\/23\/2026\/02\/Salle_petit_dej_01-1.jpg","datePublished":"2022-10-03T12:42:31+00:00","dateModified":"2026-04-24T08:52:47+00:00","description":"A\u00cfGA, restaurant m\u00e9diterran\u00e9en \u00e0 Aix-en-Provence : cuisine solaire du Chef Matthieu Saunier, produits locaux, terrasse ensoleill\u00e9e et carte de saison.","breadcrumb":{"@id":"https:\/\/www.grandhotelroirene-aixenprovence.com\/en\/aiga\/#breadcrumb"},"inLanguage":"en-US","potentialAction":[{"@type":"ReadAction","target":["https:\/\/www.grandhotelroirene-aixenprovence.com\/en\/aiga\/"]}]},{"@type":"ImageObject","inLanguage":"en-US","@id":"https:\/\/www.grandhotelroirene-aixenprovence.com\/en\/aiga\/#primaryimage","url":"https:\/\/www.grandhotelroirene-aixenprovence.com\/wp-content\/uploads\/sites\/23\/2026\/02\/Salle_petit_dej_01-1.jpg","contentUrl":"https:\/\/www.grandhotelroirene-aixenprovence.com\/wp-content\/uploads\/sites\/23\/2026\/02\/Salle_petit_dej_01-1.jpg","width":2560,"height":1920},{"@type":"BreadcrumbList","@id":"https:\/\/www.grandhotelroirene-aixenprovence.com\/en\/aiga\/#breadcrumb","itemListElement":[{"@type":"ListItem","position":1,"name":"Home","item":"https:\/\/www.grandhotelroirene-aixenprovence.com\/en\/"},{"@type":"ListItem","position":2,"name":"A\u00cfGA \u2013 Mediterranean restaurant in Aix-en-Provence"}]},{"@type":"WebSite","@id":"https:\/\/www.grandhotelroirene-aixenprovence.com\/#website","url":"https:\/\/www.grandhotelroirene-aixenprovence.com\/","name":"Grand H\u00f4tel Roi Ren\u00e9 Aix-en-Provence Centre - MGallery","description":"Just another D-Edge Accor V2 Sites Hosting site","potentialAction":[{"@type":"SearchAction","target":{"@type":"EntryPoint","urlTemplate":"https:\/\/www.grandhotelroirene-aixenprovence.com\/?s={search_term_string}"},"query-input":{"@type":"PropertyValueSpecification","valueRequired":true,"valueName":"search_term_string"}}],"inLanguage":"en-US"}]}},"_links":{"self":[{"href":"https:\/\/www.grandhotelroirene-aixenprovence.com\/en\/wp-json\/wp\/v2\/pages\/12","targetHints":{"allow":["GET"]}}],"collection":[{"href":"https:\/\/www.grandhotelroirene-aixenprovence.com\/en\/wp-json\/wp\/v2\/pages"}],"about":[{"href":"https:\/\/www.grandhotelroirene-aixenprovence.com\/en\/wp-json\/wp\/v2\/types\/page"}],"author":[{"embeddable":true,"href":"https:\/\/www.grandhotelroirene-aixenprovence.com\/en\/wp-json\/wp\/v2\/users\/15"}],"replies":[{"embeddable":true,"href":"https:\/\/www.grandhotelroirene-aixenprovence.com\/en\/wp-json\/wp\/v2\/comments?post=12"}],"version-history":[{"count":3,"href":"https:\/\/www.grandhotelroirene-aixenprovence.com\/en\/wp-json\/wp\/v2\/pages\/12\/revisions"}],"predecessor-version":[{"id":560,"href":"https:\/\/www.grandhotelroirene-aixenprovence.com\/en\/wp-json\/wp\/v2\/pages\/12\/revisions\/560"}],"wp:featuredmedia":[{"embeddable":true,"href":"https:\/\/www.grandhotelroirene-aixenprovence.com\/en\/wp-json\/wp\/v2\/media\/374"}],"wp:attachment":[{"href":"https:\/\/www.grandhotelroirene-aixenprovence.com\/en\/wp-json\/wp\/v2\/media?parent=12"}],"wp:term":[{"taxonomy":"category","embeddable":true,"href":"https:\/\/www.grandhotelroirene-aixenprovence.com\/en\/wp-json\/wp\/v2\/categories?post=12"}],"curies":[{"name":"wp","href":"https:\/\/api.w.org\/{rel}","templated":true}]}}