{"id":11,"date":"2022-10-03T12:41:46","date_gmt":"2022-10-03T12:41:46","guid":{"rendered":"https:\/\/mgallery-roi-rene.accorv2prod.decms.eu\/?page_id=11"},"modified":"2026-04-24T08:53:53","modified_gmt":"2026-04-24T08:53:53","slug":"restaurant-bar","status":"publish","type":"page","link":"https:\/\/www.grandhotelroirene-aixenprovence.com\/en\/restaurant-bar\/","title":{"rendered":"Notre restaurant &amp; notre Bar"},"content":{"rendered":"<p style=\"text-align: center\">Que ce soit dans son patio intimiste ou dans l&#8217;atmosph\u00e8re chaleureuse et accueillante de sa galerie, notre restaurant A\u00efga vous fera vivre une exp\u00e9rience culinaire avec ses sp\u00e9cialit\u00e9s aux saveurs m\u00e9diterran\u00e9ennes. Notre chef Matthieu Saunier et son \u00e9quipe travaillent essentiellement des produits locaux de saison, et proposent un menu compos\u00e9 enti\u00e8rement de plats faits maison.<br \/>\nD\u00e9tendez-vous dans notre Bar L&#8217;Intemporel avec l&#8217;un de nos cocktails signature ou ap\u00e9ritif \u00e9labor\u00e9s par nos \u00e9quipes<br \/>\nA\u00efga dispose d&#8217;un charme unique, franchissez simplement la porte !<\/p>\n<p style=\"text-align: center\">Chaque dimanche midi, A\u00efga propose un Brunch \u00e0 l&#8217;ensemble de ses clients.<br \/>\nAvec des viennoiseries, boissons chaudes, jus de fruits frais, buffets d&#8217;entr\u00e9es, buffets de plats chauds, plateau de fromages, buffets de desserts et eau min\u00e9rale et gazeuse, notre \u00e9quipe sera vous ravir autour d&#8217;un moment convivial et chaleureux.<\/p>\n<p style=\"text-align: center\">A\u00efga dispose d&#8217;un charme unique, franchissez simplement la porte !<\/p>\n","protected":false},"excerpt":{"rendered":"<p>Que ce soit dans son patio intimiste ou dans l&#8217;atmosph\u00e8re chaleureuse et accueillante de sa galerie, notre restaurant A\u00efga vous fera vivre une exp\u00e9rience culinaire avec ses sp\u00e9cialit\u00e9s aux saveurs m\u00e9diterran\u00e9ennes. Notre chef Matthieu Saunier et son \u00e9quipe travaillent essentiellement des produits locaux de saison, et proposent un menu compos\u00e9 enti\u00e8rement de plats faits maison. [&hellip;]<\/p>\n","protected":false},"author":15,"featured_media":389,"parent":0,"menu_order":30,"comment_status":"closed","ping_status":"closed","template":"","meta":{"footnotes":""},"categories":[],"class_list":["post-11","page","type-page","status-publish","has-post-thumbnail","hentry"],"acf":[],"yoast_head":"<!-- This site is optimized with the Yoast SEO plugin v26.9 - https:\/\/yoast.com\/product\/yoast-seo-wordpress\/ -->\n<title>Notre restaurant &amp; notre Bar - Grand H\u00f4tel Roi Ren\u00e9 Aix-en-Provence Centre - MGallery<\/title>\n<meta name=\"description\" content=\"Que ce soit dans son patio intimiste ou dans l&#039;atmosph\u00e8re chaleureuse et accueillante de sa galerie, notre restaurant A\u00efga vous fera vivre une exp\u00e9rience\" \/>\n<meta name=\"robots\" content=\"index, follow, max-snippet:-1, max-image-preview:large, max-video-preview:-1\" \/>\n<link rel=\"canonical\" href=\"https:\/\/www.grandhotelroirene-aixenprovence.com\/en\/restaurant-bar\/\" \/>\n<meta property=\"og:locale\" content=\"en_US\" \/>\n<meta property=\"og:type\" content=\"article\" \/>\n<meta property=\"og:title\" content=\"Notre restaurant &amp; notre Bar - Grand H\u00f4tel Roi Ren\u00e9 Aix-en-Provence Centre - MGallery\" \/>\n<meta property=\"og:description\" content=\"Que ce soit dans son patio intimiste ou dans l&#039;atmosph\u00e8re chaleureuse et accueillante de sa galerie, notre restaurant A\u00efga vous fera vivre une exp\u00e9rience\" \/>\n<meta property=\"og:url\" content=\"https:\/\/www.grandhotelroirene-aixenprovence.com\/en\/restaurant-bar\/\" \/>\n<meta property=\"og:site_name\" content=\"Grand H\u00f4tel Roi Ren\u00e9 Aix-en-Provence Centre - MGallery\" \/>\n<meta property=\"article:modified_time\" content=\"2026-04-24T08:53:53+00:00\" \/>\n<meta property=\"og:image\" content=\"https:\/\/www.grandhotelroirene-aixenprovence.com\/wp-content\/uploads\/sites\/23\/2026\/02\/Salle-petit-dej_02_Post-1.jpg\" \/>\n\t<meta property=\"og:image:width\" content=\"2560\" \/>\n\t<meta property=\"og:image:height\" content=\"1920\" \/>\n\t<meta property=\"og:image:type\" content=\"image\/jpeg\" \/>\n<meta name=\"twitter:card\" content=\"summary_large_image\" \/>\n<meta name=\"twitter:label1\" content=\"Est. reading time\" \/>\n\t<meta name=\"twitter:data1\" content=\"2 minutes\" \/>\n<script type=\"application\/ld+json\" class=\"yoast-schema-graph\">{\"@context\":\"https:\/\/schema.org\",\"@graph\":[{\"@type\":\"WebPage\",\"@id\":\"https:\/\/www.grandhotelroirene-aixenprovence.com\/en\/restaurant-bar\/\",\"url\":\"https:\/\/www.grandhotelroirene-aixenprovence.com\/en\/restaurant-bar\/\",\"name\":\"Notre restaurant &amp; notre Bar - Grand H\u00f4tel Roi Ren\u00e9 Aix-en-Provence Centre - MGallery\",\"isPartOf\":{\"@id\":\"https:\/\/www.grandhotelroirene-aixenprovence.com\/#website\"},\"primaryImageOfPage\":{\"@id\":\"https:\/\/www.grandhotelroirene-aixenprovence.com\/en\/restaurant-bar\/#primaryimage\"},\"image\":{\"@id\":\"https:\/\/www.grandhotelroirene-aixenprovence.com\/en\/restaurant-bar\/#primaryimage\"},\"thumbnailUrl\":\"https:\/\/www.grandhotelroirene-aixenprovence.com\/wp-content\/uploads\/sites\/23\/2026\/02\/Salle-petit-dej_02_Post-1.jpg\",\"datePublished\":\"2022-10-03T12:41:46+00:00\",\"dateModified\":\"2026-04-24T08:53:53+00:00\",\"description\":\"Que ce soit dans son patio intimiste ou dans l'atmosph\u00e8re chaleureuse et accueillante de sa galerie, notre restaurant A\u00efga vous fera vivre une exp\u00e9rience\",\"breadcrumb\":{\"@id\":\"https:\/\/www.grandhotelroirene-aixenprovence.com\/en\/restaurant-bar\/#breadcrumb\"},\"inLanguage\":\"en-US\",\"potentialAction\":[{\"@type\":\"ReadAction\",\"target\":[\"https:\/\/www.grandhotelroirene-aixenprovence.com\/en\/restaurant-bar\/\"]}]},{\"@type\":\"ImageObject\",\"inLanguage\":\"en-US\",\"@id\":\"https:\/\/www.grandhotelroirene-aixenprovence.com\/en\/restaurant-bar\/#primaryimage\",\"url\":\"https:\/\/www.grandhotelroirene-aixenprovence.com\/wp-content\/uploads\/sites\/23\/2026\/02\/Salle-petit-dej_02_Post-1.jpg\",\"contentUrl\":\"https:\/\/www.grandhotelroirene-aixenprovence.com\/wp-content\/uploads\/sites\/23\/2026\/02\/Salle-petit-dej_02_Post-1.jpg\",\"width\":2560,\"height\":1920},{\"@type\":\"BreadcrumbList\",\"@id\":\"https:\/\/www.grandhotelroirene-aixenprovence.com\/en\/restaurant-bar\/#breadcrumb\",\"itemListElement\":[{\"@type\":\"ListItem\",\"position\":1,\"name\":\"Home\",\"item\":\"https:\/\/www.grandhotelroirene-aixenprovence.com\/en\/\"},{\"@type\":\"ListItem\",\"position\":2,\"name\":\"Notre restaurant &amp; notre Bar\"}]},{\"@type\":\"WebSite\",\"@id\":\"https:\/\/www.grandhotelroirene-aixenprovence.com\/#website\",\"url\":\"https:\/\/www.grandhotelroirene-aixenprovence.com\/\",\"name\":\"Grand H\u00f4tel Roi Ren\u00e9 Aix-en-Provence Centre - MGallery\",\"description\":\"Just another D-Edge Accor V2 Sites Hosting site\",\"potentialAction\":[{\"@type\":\"SearchAction\",\"target\":{\"@type\":\"EntryPoint\",\"urlTemplate\":\"https:\/\/www.grandhotelroirene-aixenprovence.com\/?s={search_term_string}\"},\"query-input\":{\"@type\":\"PropertyValueSpecification\",\"valueRequired\":true,\"valueName\":\"search_term_string\"}}],\"inLanguage\":\"en-US\"}]}<\/script>\n<!-- \/ Yoast SEO plugin. -->","yoast_head_json":{"title":"Notre restaurant &amp; notre Bar - Grand H\u00f4tel Roi Ren\u00e9 Aix-en-Provence Centre - MGallery","description":"Que ce soit dans son patio intimiste ou dans l'atmosph\u00e8re chaleureuse et accueillante de sa galerie, notre restaurant A\u00efga vous fera vivre une exp\u00e9rience","robots":{"index":"index","follow":"follow","max-snippet":"max-snippet:-1","max-image-preview":"max-image-preview:large","max-video-preview":"max-video-preview:-1"},"canonical":"https:\/\/www.grandhotelroirene-aixenprovence.com\/en\/restaurant-bar\/","og_locale":"en_US","og_type":"article","og_title":"Notre restaurant &amp; notre Bar - Grand H\u00f4tel Roi Ren\u00e9 Aix-en-Provence Centre - MGallery","og_description":"Que ce soit dans son patio intimiste ou dans l'atmosph\u00e8re chaleureuse et accueillante de sa galerie, notre restaurant A\u00efga vous fera vivre une exp\u00e9rience","og_url":"https:\/\/www.grandhotelroirene-aixenprovence.com\/en\/restaurant-bar\/","og_site_name":"Grand H\u00f4tel Roi Ren\u00e9 Aix-en-Provence Centre - MGallery","article_modified_time":"2026-04-24T08:53:53+00:00","og_image":[{"width":2560,"height":1920,"url":"https:\/\/www.grandhotelroirene-aixenprovence.com\/wp-content\/uploads\/sites\/23\/2026\/02\/Salle-petit-dej_02_Post-1.jpg","type":"image\/jpeg"}],"twitter_card":"summary_large_image","twitter_misc":{"Est. reading time":"2 minutes"},"schema":{"@context":"https:\/\/schema.org","@graph":[{"@type":"WebPage","@id":"https:\/\/www.grandhotelroirene-aixenprovence.com\/en\/restaurant-bar\/","url":"https:\/\/www.grandhotelroirene-aixenprovence.com\/en\/restaurant-bar\/","name":"Notre restaurant &amp; notre Bar - Grand H\u00f4tel Roi Ren\u00e9 Aix-en-Provence Centre - MGallery","isPartOf":{"@id":"https:\/\/www.grandhotelroirene-aixenprovence.com\/#website"},"primaryImageOfPage":{"@id":"https:\/\/www.grandhotelroirene-aixenprovence.com\/en\/restaurant-bar\/#primaryimage"},"image":{"@id":"https:\/\/www.grandhotelroirene-aixenprovence.com\/en\/restaurant-bar\/#primaryimage"},"thumbnailUrl":"https:\/\/www.grandhotelroirene-aixenprovence.com\/wp-content\/uploads\/sites\/23\/2026\/02\/Salle-petit-dej_02_Post-1.jpg","datePublished":"2022-10-03T12:41:46+00:00","dateModified":"2026-04-24T08:53:53+00:00","description":"Que ce soit dans son patio intimiste ou dans l'atmosph\u00e8re chaleureuse et accueillante de sa galerie, notre restaurant A\u00efga vous fera vivre une exp\u00e9rience","breadcrumb":{"@id":"https:\/\/www.grandhotelroirene-aixenprovence.com\/en\/restaurant-bar\/#breadcrumb"},"inLanguage":"en-US","potentialAction":[{"@type":"ReadAction","target":["https:\/\/www.grandhotelroirene-aixenprovence.com\/en\/restaurant-bar\/"]}]},{"@type":"ImageObject","inLanguage":"en-US","@id":"https:\/\/www.grandhotelroirene-aixenprovence.com\/en\/restaurant-bar\/#primaryimage","url":"https:\/\/www.grandhotelroirene-aixenprovence.com\/wp-content\/uploads\/sites\/23\/2026\/02\/Salle-petit-dej_02_Post-1.jpg","contentUrl":"https:\/\/www.grandhotelroirene-aixenprovence.com\/wp-content\/uploads\/sites\/23\/2026\/02\/Salle-petit-dej_02_Post-1.jpg","width":2560,"height":1920},{"@type":"BreadcrumbList","@id":"https:\/\/www.grandhotelroirene-aixenprovence.com\/en\/restaurant-bar\/#breadcrumb","itemListElement":[{"@type":"ListItem","position":1,"name":"Home","item":"https:\/\/www.grandhotelroirene-aixenprovence.com\/en\/"},{"@type":"ListItem","position":2,"name":"Notre restaurant &amp; notre Bar"}]},{"@type":"WebSite","@id":"https:\/\/www.grandhotelroirene-aixenprovence.com\/#website","url":"https:\/\/www.grandhotelroirene-aixenprovence.com\/","name":"Grand H\u00f4tel Roi Ren\u00e9 Aix-en-Provence Centre - MGallery","description":"Just another D-Edge Accor V2 Sites Hosting site","potentialAction":[{"@type":"SearchAction","target":{"@type":"EntryPoint","urlTemplate":"https:\/\/www.grandhotelroirene-aixenprovence.com\/?s={search_term_string}"},"query-input":{"@type":"PropertyValueSpecification","valueRequired":true,"valueName":"search_term_string"}}],"inLanguage":"en-US"}]}},"_links":{"self":[{"href":"https:\/\/www.grandhotelroirene-aixenprovence.com\/en\/wp-json\/wp\/v2\/pages\/11","targetHints":{"allow":["GET"]}}],"collection":[{"href":"https:\/\/www.grandhotelroirene-aixenprovence.com\/en\/wp-json\/wp\/v2\/pages"}],"about":[{"href":"https:\/\/www.grandhotelroirene-aixenprovence.com\/en\/wp-json\/wp\/v2\/types\/page"}],"author":[{"embeddable":true,"href":"https:\/\/www.grandhotelroirene-aixenprovence.com\/en\/wp-json\/wp\/v2\/users\/15"}],"replies":[{"embeddable":true,"href":"https:\/\/www.grandhotelroirene-aixenprovence.com\/en\/wp-json\/wp\/v2\/comments?post=11"}],"version-history":[{"count":2,"href":"https:\/\/www.grandhotelroirene-aixenprovence.com\/en\/wp-json\/wp\/v2\/pages\/11\/revisions"}],"predecessor-version":[{"id":558,"href":"https:\/\/www.grandhotelroirene-aixenprovence.com\/en\/wp-json\/wp\/v2\/pages\/11\/revisions\/558"}],"wp:featuredmedia":[{"embeddable":true,"href":"https:\/\/www.grandhotelroirene-aixenprovence.com\/en\/wp-json\/wp\/v2\/media\/389"}],"wp:attachment":[{"href":"https:\/\/www.grandhotelroirene-aixenprovence.com\/en\/wp-json\/wp\/v2\/media?parent=11"}],"wp:term":[{"taxonomy":"category","embeddable":true,"href":"https:\/\/www.grandhotelroirene-aixenprovence.com\/en\/wp-json\/wp\/v2\/categories?post=11"}],"curies":[{"name":"wp","href":"https:\/\/api.w.org\/{rel}","templated":true}]}}